{"id":1292,"date":"2026-02-26T16:54:29","date_gmt":"2026-02-26T15:54:29","guid":{"rendered":"https:\/\/cafh.es\/?page_id=1292"},"modified":"2026-02-26T16:54:38","modified_gmt":"2026-02-26T15:54:38","slug":"sem-08-inteligencia-artificial","status":"publish","type":"page","link":"https:\/\/cafh.es\/index.php\/sem-08-inteligencia-artificial\/","title":{"rendered":"SEM-08 Inteligencia artificial"},"content":{"rendered":"\n<h2 class=\"wp-block-heading has-vivid-cyan-blue-color has-text-color has-link-color wp-elements-350da82a15f417ccda27c3d589a733d8\"><strong>Inteligencia artificial y \u00bfahora consciencia artificial?<\/strong><\/h2>\n\n\n\n<p><\/p>\n\n\n\n<div class=\"wp-block-buttons is-content-justification-center is-layout-flex wp-container-core-buttons-is-layout-a89b3969 wp-block-buttons-is-layout-flex\">\n<div class=\"wp-block-button is-style-fill\"><a class=\"wp-block-button__link has-vivid-cyan-blue-background-color has-background wp-element-button\" href=\"https:\/\/us06web.zoom.us\/j\/86735266133?pwd=yrrwxF2bNpk59bcVFqwqacX0j2xFnl.1\">Acceso a trav\u00e9s de Zoom<\/a><\/div>\n<\/div>\n\n\n\n\n\n<div class=\"wp-block-media-text is-stacked-on-mobile\" style=\"grid-template-columns:15% auto\"><figure class=\"wp-block-media-text__media\"><img loading=\"lazy\" decoding=\"async\" width=\"512\" height=\"512\" src=\"https:\/\/cafh.es\/wp-content\/uploads\/2026\/02\/school_4710724.png\" alt=\"\" class=\"wp-image-1180 size-full\" srcset=\"https:\/\/cafh.es\/wp-content\/uploads\/2026\/02\/school_4710724.png 512w, https:\/\/cafh.es\/wp-content\/uploads\/2026\/02\/school_4710724-300x300.png 300w, https:\/\/cafh.es\/wp-content\/uploads\/2026\/02\/school_4710724-150x150.png 150w, https:\/\/cafh.es\/wp-content\/uploads\/2026\/02\/school_4710724-75x75.png 75w\" sizes=\"auto, (max-width: 512px) 100vw, 512px\" \/><\/figure><div class=\"wp-block-media-text__content\">\n<p class=\"has-medium-font-size\"><strong>Eugenio Rodr\u00edguez Balboa<\/strong><\/p>\n\n\n\n<p>Doctor en Ciencia Cognitiva. Universidad Cat\u00f3lica de Chile.<\/p>\n<\/div><\/div>\n\n\n\n\n\n<div class=\"wp-block-media-text is-stacked-on-mobile\" style=\"grid-template-columns:15% auto\"><figure class=\"wp-block-media-text__media\"><img loading=\"lazy\" decoding=\"async\" width=\"512\" height=\"512\" src=\"https:\/\/cafh.es\/wp-content\/uploads\/2026\/02\/calendar_2829838.png\" alt=\"\" class=\"wp-image-1179 size-full\" srcset=\"https:\/\/cafh.es\/wp-content\/uploads\/2026\/02\/calendar_2829838.png 512w, https:\/\/cafh.es\/wp-content\/uploads\/2026\/02\/calendar_2829838-300x300.png 300w, https:\/\/cafh.es\/wp-content\/uploads\/2026\/02\/calendar_2829838-150x150.png 150w, https:\/\/cafh.es\/wp-content\/uploads\/2026\/02\/calendar_2829838-75x75.png 75w\" sizes=\"auto, (max-width: 512px) 100vw, 512px\" \/><\/figure><div class=\"wp-block-media-text__content\">\n<p class=\"has-medium-font-size\"><strong>17 de junio de 2026<\/strong><\/p>\n\n\n\n<p>19:30 h de Espa\u00f1a<\/p>\n<\/div><\/div>\n\n\n\n\n\n<div class=\"wp-block-media-text is-stacked-on-mobile\" style=\"grid-template-columns:15% auto\"><figure class=\"wp-block-media-text__media\"><img loading=\"lazy\" decoding=\"async\" width=\"512\" height=\"512\" src=\"https:\/\/cafh.es\/wp-content\/uploads\/2026\/02\/book_5597161.png\" alt=\"\" class=\"wp-image-1181 size-full\" srcset=\"https:\/\/cafh.es\/wp-content\/uploads\/2026\/02\/book_5597161.png 512w, https:\/\/cafh.es\/wp-content\/uploads\/2026\/02\/book_5597161-300x300.png 300w, https:\/\/cafh.es\/wp-content\/uploads\/2026\/02\/book_5597161-150x150.png 150w, https:\/\/cafh.es\/wp-content\/uploads\/2026\/02\/book_5597161-75x75.png 75w\" sizes=\"auto, (max-width: 512px) 100vw, 512px\" \/><\/figure><div class=\"wp-block-media-text__content\">\n<p class=\"has-medium-font-size\"><strong>Materiales<\/strong><\/p>\n\n\n\n<p>[A determinar]<\/p>\n<\/div><\/div>\n\n\n\n\n\n<div class=\"wp-block-media-text is-stacked-on-mobile\" style=\"grid-template-columns:15% auto\"><figure class=\"wp-block-media-text__media\"><img loading=\"lazy\" decoding=\"async\" width=\"512\" height=\"512\" src=\"https:\/\/cafh.es\/wp-content\/uploads\/2026\/02\/copywriting_4228941.png\" alt=\"\" class=\"wp-image-1253 size-full\" srcset=\"https:\/\/cafh.es\/wp-content\/uploads\/2026\/02\/copywriting_4228941.png 512w, https:\/\/cafh.es\/wp-content\/uploads\/2026\/02\/copywriting_4228941-300x300.png 300w, https:\/\/cafh.es\/wp-content\/uploads\/2026\/02\/copywriting_4228941-150x150.png 150w, https:\/\/cafh.es\/wp-content\/uploads\/2026\/02\/copywriting_4228941-75x75.png 75w\" sizes=\"auto, (max-width: 512px) 100vw, 512px\" \/><\/figure><div class=\"wp-block-media-text__content\">\n<p class=\"has-medium-font-size\"><strong>Resumen<\/strong><\/p>\n\n\n\n<p>[A determinar]<\/p>\n<\/div><\/div>\n\n\n\n<p><\/p>\n\n\n\n\n\n<p><\/p>\n","protected":false},"excerpt":{"rendered":"<p>Inteligencia artificial y \u00bfahora consciencia artificial? Eugenio Rodr\u00edguez Balboa Doctor en Ciencia Cognitiva. Universidad Cat\u00f3lica de Chile. 17 de junio de 2026 19:30 h de Espa\u00f1a Materiales [A determinar] Resumen [A determinar]<\/p>\n","protected":false},"author":2,"featured_media":0,"parent":0,"menu_order":0,"comment_status":"closed","ping_status":"closed","template":"","meta":{"footnotes":""},"class_list":["post-1292","page","type-page","status-publish","hentry"],"rttpg_featured_image_url":null,"rttpg_author":{"display_name":"Javier Sancio","author_link":"https:\/\/cafh.es\/index.php\/author\/javier-sancio\/"},"rttpg_comment":0,"rttpg_category":null,"rttpg_excerpt":"Inteligencia artificial y \u00bfahora consciencia artificial? Eugenio Rodr\u00edguez Balboa Doctor en Ciencia Cognitiva. Universidad Cat\u00f3lica de Chile. 17 de junio de 2026 19:30 h de Espa\u00f1a Materiales [A determinar] Resumen [A determinar]","_links":{"self":[{"href":"https:\/\/cafh.es\/index.php\/wp-json\/wp\/v2\/pages\/1292","targetHints":{"allow":["GET"]}}],"collection":[{"href":"https:\/\/cafh.es\/index.php\/wp-json\/wp\/v2\/pages"}],"about":[{"href":"https:\/\/cafh.es\/index.php\/wp-json\/wp\/v2\/types\/page"}],"author":[{"embeddable":true,"href":"https:\/\/cafh.es\/index.php\/wp-json\/wp\/v2\/users\/2"}],"replies":[{"embeddable":true,"href":"https:\/\/cafh.es\/index.php\/wp-json\/wp\/v2\/comments?post=1292"}],"version-history":[{"count":2,"href":"https:\/\/cafh.es\/index.php\/wp-json\/wp\/v2\/pages\/1292\/revisions"}],"predecessor-version":[{"id":1301,"href":"https:\/\/cafh.es\/index.php\/wp-json\/wp\/v2\/pages\/1292\/revisions\/1301"}],"wp:attachment":[{"href":"https:\/\/cafh.es\/index.php\/wp-json\/wp\/v2\/media?parent=1292"}],"curies":[{"name":"wp","href":"https:\/\/api.w.org\/{rel}","templated":true}]}}